{"id":74148,"date":"2015-06-05T04:25:34","date_gmt":"2015-06-05T01:25:34","guid":{"rendered":"http:\/\/structure.thememove.com\/demo\/?page_id=74148"},"modified":"2018-04-10T17:07:35","modified_gmt":"2018-04-10T14:07:35","slug":"bize-ulasin","status":"publish","type":"page","link":"http:\/\/www.bayeksagro.com.tr\/en\/bize-ulasin\/","title":{"rendered":"CONTACT US"},"content":{"rendered":"<p>[vc_row background_image=&#8221;http:\/\/structure.thememove.com\/01\/data\/images\/contact-us_bg.png&#8221; css=&#8221;.vc_custom_1433415637271{margin-bottom: 30px !important;border-bottom-width: 50px !important;}&#8221; el_class=&#8221;agency&#8221;][vc_column][vc_row_inner css=&#8221;.vc_custom_1433413977657{margin-bottom: 40px !important;}&#8221;][vc_column_inner width=&#8221;1\/2&#8243;][vc_custom_heading text=&#8221;HATAY \u2013 Adres ve \u0130leti\u015fim Bilgileri<br \/>\n&#8221; font_container=&#8221;tag:h2|font_size:20|text_align:left&#8221; el_class=&#8221;heading-title-3&#8243;][vc_column_text]<\/p>\n<div class=\"contact-info\"><i class=\"fa fa-map-marker\"><\/i>KANATLI MAH. ATAT\u00dcRK CAD.\u00c7A\u011e APT. NO:70\/3<\/div>\n<p>Antakya \/ Hatay \/ Turkey<\/p>\n<p><i class=\"fa fa-phone\"><\/i> +90 326 216 38 72 \u2013 73 (pbx)<\/p>\n<p><i class=\"fa fa-fax\"><\/i> +90 326 216 38 71 (fax)<\/p>\n<p><i class=\"fa fa-envelope\"><\/i> bayeks@bayeksagro.com.tr<\/p>\n<p><i class=\"fa fa-map-marker\"><\/i><a href=\"http:\/\/bayeksagro.com.tr\/2016\/?page_id=74851\">Haritaya G\u00f6z Atmak \u0130\u00e7in T\u0131klay\u0131n\u0131z<\/a>[\/vc_column_text][\/vc_column_inner][vc_column_inner width=&#8221;1\/2&#8243;][vc_custom_heading text=&#8221;Mersin \u2013 Adres ve \u0130leti\u015fim Bilgileri<br \/>\n&#8221; font_container=&#8221;tag:h2|font_size:20|text_align:left&#8221; el_class=&#8221;heading-title-3&#8243;][vc_column_text]<\/p>\n<div class=\"contact-info\">\n<p><i class=\"fa fa-map-marker\"><\/i>Yal\u0131n Ayak Mah. 102099 Nolu Sokak No: 41-45<\/p>\n<p>Toroslar\/Mersin \u2013 T\u00fcrkiye<\/p>\n<p><i class=\"fa fa-phone\"><\/i>+90 324 229 29\u00a000 \u2013 01 (pbx)<\/p>\n<p><i class=\"fa fa-fax\"><\/i>+90 324 229 29 02 (fax)<\/p>\n<p><i class=\"fa fa-envelope\"><\/i>bayeks@bayeksagro.com.tr<\/p>\n<p><a href=\"http:\/\/bayeksagro.com.tr\/2016\/?page_id=74847\">Haritaya G\u00f6z Atmak \u0130\u00e7in T\u0131klay\u0131n\u0131z<\/a><\/p>\n<\/div>\n<p>[\/vc_column_text][\/vc_column_inner][\/vc_row_inner][vc_row_inner css=&#8221;.vc_custom_1433413977657{margin-bottom: 40px !important;}&#8221;][vc_column_inner width=&#8221;1\/2&#8243;][vc_custom_heading text=&#8221;Mersin Serbest B\u00f6lge \u2013 Adres ve \u0130leti\u015fim Bilgileri<br \/>\n&#8221; font_container=&#8221;tag:h2|font_size:20|text_align:left&#8221; el_class=&#8221;heading-title-3&#8243;][vc_column_text]<\/p>\n<div class=\"contact-info\">\n<p><i class=\"fa fa-map-marker\"><\/i>Karaduvar Mah. Serbest B\u00f6lge 3. Cad. D\u0131\u015f Kap\u0131 No: 9 \u0130\u00e7 Kap\u0131 No:514 Akdeniz\/Mersin \u2013 T\u00fcrkiye<\/p>\n<p><i class=\"fa fa-phone\"><\/i>+90 324 231 82 00<\/p>\n<p><i class=\"fa fa-fax\"><\/i>+90 324 231 82 00<\/p>\n<p><i class=\"fa fa-envelope\"><\/i> bayeks@bayeksagro.com.tr<\/p>\n<p><i class=\"fa fa-map-marker\"><\/i> <a href=\"http:\/\/bayeksagro.com.tr\/2016\/?page_id=74847\">Haritaya G\u00f6z Atmak \u0130\u00e7in T\u0131klay\u0131n\u0131z<\/a><\/p>\n<\/div>\n<p>[\/vc_column_text][\/vc_column_inner][\/vc_row_inner][\/vc_column][\/vc_row][vc_row][vc_column width=&#8221;3\/4&#8243;][vc_custom_heading text=&#8221;\u0130LET\u0130\u015e\u0130M FORMU&#8221; font_container=&#8221;tag:h2|font_size:20|text_align:left&#8221; el_class=&#8221;heading-title-3&#8243;][vc_column_text]bize yaz\u0131n[\/vc_column_text][vc_empty_space height=&#8221;30&#8243;]<div role=\"form\" class=\"wpcf7\" id=\"wpcf7-f584-o1\" lang=\"en-US\" dir=\"ltr\">\n<div class=\"screen-reader-response\"><\/div>\n<form action=\"\/en\/wp-json\/wp\/v2\/pages\/74148#wpcf7-f584-o1\" method=\"post\" class=\"wpcf7-form\" novalidate=\"novalidate\">\n<div style=\"display: none;\">\n<input type=\"hidden\" name=\"_wpcf7\" value=\"584\" \/>\n<input type=\"hidden\" name=\"_wpcf7_version\" value=\"5.1.5\" \/>\n<input type=\"hidden\" name=\"_wpcf7_locale\" value=\"en_US\" \/>\n<input type=\"hidden\" name=\"_wpcf7_unit_tag\" value=\"wpcf7-f584-o1\" \/>\n<input type=\"hidden\" name=\"_wpcf7_container_post\" value=\"0\" \/>\n<\/div>\n<div class=\"row\">\n<div class=\"col-md-6\">\n    <span class=\"wpcf7-form-control-wrap your-name\"><input type=\"text\" name=\"your-name\" value=\"\" size=\"40\" class=\"wpcf7-form-control wpcf7-text wpcf7-validates-as-required\" aria-required=\"true\" aria-invalid=\"false\" placeholder=\"Ad Soyad\" \/><\/span>\n  <\/div>\n<div class=\"col-md-6\">\n    <span class=\"wpcf7-form-control-wrap your-email\"><input type=\"email\" name=\"your-email\" value=\"\" size=\"40\" class=\"wpcf7-form-control wpcf7-text wpcf7-email wpcf7-validates-as-required wpcf7-validates-as-email\" aria-required=\"true\" aria-invalid=\"false\" placeholder=\"E-posta\" \/><\/span>\n  <\/div>\n<div class=\"col-md-12\">\n    <span class=\"wpcf7-form-control-wrap your-subject\"><input type=\"text\" name=\"your-subject\" value=\"\" size=\"40\" class=\"wpcf7-form-control wpcf7-text\" aria-invalid=\"false\" placeholder=\"Konu\" \/><\/span>\n  <\/div>\n<div class=\"col-md-12\">\n    <span class=\"wpcf7-form-control-wrap your-message\"><textarea name=\"your-message\" cols=\"40\" rows=\"10\" class=\"wpcf7-form-control wpcf7-textarea\" aria-invalid=\"false\" placeholder=\"Mesaj\u0131n\u0131z\"><\/textarea><\/span>\n  <\/div>\n<div class=\"col-md-12\">\n    <input type=\"submit\" value=\"G\u00f6nder\" class=\"wpcf7-form-control wpcf7-submit\" \/>\n  <\/div>\n<\/div>\n<div class=\"wpcf7-response-output wpcf7-display-none\"><\/div><\/form><\/div>[\/vc_column][vc_column width=&#8221;1\/4&#8243;][vc_row_inner css=&#8221;.vc_custom_1433416441863{margin-bottom: 0px !important;padding-top: 110px !important;}&#8221; el_class=&#8221;call-us align-center&#8221;][vc_column_inner][vc_column_text]<img loading=\"lazy\" decoding=\"async\" class=\"alignnone\" src=\"http:\/\/structure.thememove.com\/01\/data\/images\/call-us.jpg\" alt=\"\" width=\"270\" height=\"276\" \/>[\/vc_column_text][vc_custom_heading text=&#8221;TELEFON&#8221; font_container=&#8221;tag:h4|font_size:16|text_align:center&#8221;][vc_column_text]<i class=\"fa fa-phone\"><\/i>0 324 229 29\u00a000[\/vc_column_text][\/vc_column_inner][\/vc_row_inner][\/vc_column][\/vc_row]<\/p>\n","protected":false},"excerpt":{"rendered":"<p>[vc_row background_image=&#8221;http:\/\/structure.thememove.com\/01\/data\/images\/contact-us_bg.png&#8221; css=&#8221;.vc_custom_1433415637271{margin-bottom: 30px !important;border-bottom-width: 50px !important;}&#8221; el_class=&#8221;agency&#8221;][vc_column][vc_row_inner css=&#8221;.vc_custom_1433413977657{margin-bottom: 40px !important;}&#8221;][vc_column_inner width=&#8221;1\/2&#8243;][vc_custom_heading text=&#8221;HATAY \u2013 Adres ve \u0130leti\u015fim Bilgileri &#8221; font_container=&#8221;tag:h2|font_size:20|text_align:left&#8221; el_class=&#8221;heading-title-3&#8243;][vc_column_text] KANATLI MAH. ATAT\u00dcRK CAD.\u00c7A\u011e APT. NO:70\/3 Antakya \/ Hatay \/ Turkey +90 326 216 38 72 \u2013 73 (pbx) +90 326 216 38 71 (fax) bayeks@bayeksagro.com.tr Haritaya G\u00f6z Atmak \u0130\u00e7in T\u0131klay\u0131n\u0131z[\/vc_column_text][\/vc_column_inner][vc_column_inner width=&#8221;1\/2&#8243;][vc_custom_heading text=&#8221;Mersin \u2013 [&hellip;]<\/p>\n","protected":false},"author":2,"featured_media":0,"parent":0,"menu_order":0,"comment_status":"closed","ping_status":"closed","template":"","meta":{"footnotes":""},"class_list":["post-74148","page","type-page","status-publish","hentry"],"_links":{"self":[{"href":"http:\/\/www.bayeksagro.com.tr\/en\/wp-json\/wp\/v2\/pages\/74148","targetHints":{"allow":["GET"]}}],"collection":[{"href":"http:\/\/www.bayeksagro.com.tr\/en\/wp-json\/wp\/v2\/pages"}],"about":[{"href":"http:\/\/www.bayeksagro.com.tr\/en\/wp-json\/wp\/v2\/types\/page"}],"author":[{"embeddable":true,"href":"http:\/\/www.bayeksagro.com.tr\/en\/wp-json\/wp\/v2\/users\/2"}],"replies":[{"embeddable":true,"href":"http:\/\/www.bayeksagro.com.tr\/en\/wp-json\/wp\/v2\/comments?post=74148"}],"version-history":[{"count":28,"href":"http:\/\/www.bayeksagro.com.tr\/en\/wp-json\/wp\/v2\/pages\/74148\/revisions"}],"predecessor-version":[{"id":75387,"href":"http:\/\/www.bayeksagro.com.tr\/en\/wp-json\/wp\/v2\/pages\/74148\/revisions\/75387"}],"wp:attachment":[{"href":"http:\/\/www.bayeksagro.com.tr\/en\/wp-json\/wp\/v2\/media?parent=74148"}],"curies":[{"name":"wp","href":"https:\/\/api.w.org\/{rel}","templated":true}]}}