{"id":74851,"date":"2016-06-30T13:45:47","date_gmt":"2016-06-30T10:45:47","guid":{"rendered":"http:\/\/bayeksagro.com.tr\/2016\/?page_id=74851"},"modified":"2016-06-30T14:25:36","modified_gmt":"2016-06-30T11:25:36","slug":"hatay","status":"publish","type":"page","link":"http:\/\/www.bayeksagro.com.tr\/en\/bize-ulasin\/hatay\/","title":{"rendered":"Hatay"},"content":{"rendered":"<p>[vc_row][vc_column][vc_column_text]<a class=\"button-yol-tarifi\" href=\"https:\/\/www.google.com.tr\/maps\/dir\/\/36.209894,36.159634\/@36.2098983,36.1574453,17z\/data=!4m8!1m7!3m6!1s0x0:0x0!2zMzbCsDEyJzM1LjYiTiAzNsKwMDknMzQuNyJF!3b1!8m2!3d36.209894!4d36.159634?hl=tr\">YOL TAR\u0130F\u0130 AL<\/a>[\/vc_column_text][vc_empty_space height=&#8221;15px&#8221;][thememove_gmaps address=&#8221;36.209894, 36.159634&#8243; zoom=&#8221;10&#8243; map_style=&#8221;style10&#8243; marker_icon=&#8221;74860&#8243;]KANATLI MAH. ATAT\u00dcRK CAD.\u00c7A\u011e APT. NO:70\/3\u00a0Antakya \/ Hatay \/ Turkey[\/thememove_gmaps][\/vc_column][\/vc_row]<\/p>\n","protected":false},"excerpt":{"rendered":"<p>[vc_row][vc_column][vc_column_text]YOL TAR\u0130F\u0130 AL[\/vc_column_text][vc_empty_space height=&#8221;15px&#8221;][thememove_gmaps address=&#8221;36.209894, 36.159634&#8243; zoom=&#8221;10&#8243; map_style=&#8221;style10&#8243; marker_icon=&#8221;74860&#8243;]KANATLI MAH. ATAT\u00dcRK CAD.\u00c7A\u011e APT. NO:70\/3\u00a0Antakya \/ Hatay \/ Turkey[\/thememove_gmaps][\/vc_column][\/vc_row]<\/p>\n","protected":false},"author":2,"featured_media":0,"parent":74148,"menu_order":0,"comment_status":"closed","ping_status":"closed","template":"","meta":{"footnotes":""},"class_list":["post-74851","page","type-page","status-publish","hentry"],"_links":{"self":[{"href":"http:\/\/www.bayeksagro.com.tr\/en\/wp-json\/wp\/v2\/pages\/74851","targetHints":{"allow":["GET"]}}],"collection":[{"href":"http:\/\/www.bayeksagro.com.tr\/en\/wp-json\/wp\/v2\/pages"}],"about":[{"href":"http:\/\/www.bayeksagro.com.tr\/en\/wp-json\/wp\/v2\/types\/page"}],"author":[{"embeddable":true,"href":"http:\/\/www.bayeksagro.com.tr\/en\/wp-json\/wp\/v2\/users\/2"}],"replies":[{"embeddable":true,"href":"http:\/\/www.bayeksagro.com.tr\/en\/wp-json\/wp\/v2\/comments?post=74851"}],"version-history":[{"count":4,"href":"http:\/\/www.bayeksagro.com.tr\/en\/wp-json\/wp\/v2\/pages\/74851\/revisions"}],"predecessor-version":[{"id":74870,"href":"http:\/\/www.bayeksagro.com.tr\/en\/wp-json\/wp\/v2\/pages\/74851\/revisions\/74870"}],"up":[{"embeddable":true,"href":"http:\/\/www.bayeksagro.com.tr\/en\/wp-json\/wp\/v2\/pages\/74148"}],"wp:attachment":[{"href":"http:\/\/www.bayeksagro.com.tr\/en\/wp-json\/wp\/v2\/media?parent=74851"}],"curies":[{"name":"wp","href":"https:\/\/api.w.org\/{rel}","templated":true}]}}