{"id":74982,"date":"2016-07-12T14:28:06","date_gmt":"2016-07-12T11:28:06","guid":{"rendered":"http:\/\/bayeksagro.com.tr\/?post_type=product&#038;p=74982"},"modified":"2026-04-04T07:25:19","modified_gmt":"2026-04-04T04:25:19","slug":"kuru-incir","status":"publish","type":"product","link":"http:\/\/www.bayeksagro.com.tr\/en\/urun\/kuru-incir\/","title":{"rendered":"Dried Figs"},"content":{"rendered":"<p><strong>Kuru incir<\/strong>, en y\u00fcksek lif i\u00e7eri\u011fine sahip meyvedir. Sadece 1 adet kuru incir 2 gram lif sa\u011flamaktad\u0131r, ki bu tavsiye edilen g\u00fcnl\u00fck ihtiyac\u0131n %20&#8217;si&#8217;dir. Son 10-15 y\u0131lda yap\u0131lan ara\u015ft\u0131rmalar sonucunda, bitkisel g\u0131dalarda bulunan liflerin sindirim sisteminin d\u00fczg\u00fcn olarak \u00e7al\u0131\u015fmas\u0131 a\u00e7\u0131s\u0131ndan \u00e7ok \u00f6nemli olduklar\u0131n\u0131 ortaya koymu\u015ftur. Besin olarak al\u0131nan lifin sindirime yard\u0131mc\u0131 oldu\u011fu ve baz\u0131 kanser t\u00fcrlerinin riskini azaltmada etkili oldu\u011fu bilinmektedir. Beslenme uzmanlar\u0131 taraf\u0131ndan lif al\u0131m\u0131n\u0131 art\u0131rman\u0131n en iyi ve en ideal bir yolu olarak, lif a\u00e7\u0131s\u0131ndan zengin olan incir t\u00fcketimini \u00f6nermektedirler.<\/p>\n","protected":false},"excerpt":{"rendered":"<p><strong>Kuru incir<\/strong>, en y\u00fcksek lif i\u00e7eri\u011fine sahip meyvedir. Sadece 1 adet kuru incir 2 gram lif sa\u011flamaktad\u0131r, ki bu tavsiye edilen g\u00fcnl\u00fck ihtiyac\u0131n %20&#8217;si&#8217;dir. Son 10-15 y\u0131lda yap\u0131lan ara\u015ft\u0131rmalar sonucunda, bitkisel g\u0131dalarda bulunan liflerin sindirim sisteminin d\u00fczg\u00fcn olarak \u00e7al\u0131\u015fmas\u0131 a\u00e7\u0131s\u0131ndan \u00e7ok \u00f6nemli olduklar\u0131n\u0131 ortaya koymu\u015ftur. Besin olarak al\u0131nan lifin sindirime yard\u0131mc\u0131 oldu\u011fu ve baz\u0131 kanser t\u00fcrlerinin riskini azaltmada etkili oldu\u011fu bilinmektedir. Beslenme uzmanlar\u0131 taraf\u0131ndan lif al\u0131m\u0131n\u0131 art\u0131rman\u0131n en iyi ve en ideal bir yolu olarak, lif a\u00e7\u0131s\u0131ndan zengin olan incir t\u00fcketimini \u00f6nermektedirler.<\/p>\n","protected":false},"featured_media":75225,"comment_status":"open","ping_status":"closed","template":"","meta":[],"class_list":["post-74982","product","type-product","status-publish","has-post-thumbnail","hentry","product_cat-kuruyemis"],"_links":{"self":[{"href":"http:\/\/www.bayeksagro.com.tr\/en\/wp-json\/wp\/v2\/product\/74982","targetHints":{"allow":["GET"]}}],"collection":[{"href":"http:\/\/www.bayeksagro.com.tr\/en\/wp-json\/wp\/v2\/product"}],"about":[{"href":"http:\/\/www.bayeksagro.com.tr\/en\/wp-json\/wp\/v2\/types\/product"}],"replies":[{"embeddable":true,"href":"http:\/\/www.bayeksagro.com.tr\/en\/wp-json\/wp\/v2\/comments?post=74982"}],"wp:featuredmedia":[{"embeddable":true,"href":"http:\/\/www.bayeksagro.com.tr\/en\/wp-json\/wp\/v2\/media\/75225"}],"wp:attachment":[{"href":"http:\/\/www.bayeksagro.com.tr\/en\/wp-json\/wp\/v2\/media?parent=74982"}],"curies":[{"name":"wp","href":"https:\/\/api.w.org\/{rel}","templated":true}]}}