{"id":72000,"date":"2015-03-03T10:37:26","date_gmt":"2015-03-03T08:37:26","guid":{"rendered":"http:\/\/structure.thememove.com\/01\/?page_id=175"},"modified":"2018-04-11T16:15:53","modified_gmt":"2018-04-11T13:15:53","slug":"anasayfa","status":"publish","type":"page","link":"https:\/\/www.bayeksagro.com.tr\/en\/","title":{"rendered":"HOME"},"content":{"rendered":"<p>[vc_row type=&#8221;full_width&#8221;][vc_column][rev_slider_vc alias=&#8221;bayeks_en&#8221;][\/vc_column][\/vc_row][vc_row][vc_column][vc_empty_space height=&#8221;50&#8243;][\/vc_column][\/vc_row][vc_row][vc_column width=&#8221;1\/4&#8243;][vc_single_image image=&#8221;75213&#8243; img_size=&#8221;500&#215;500&#8243; onclick=&#8221;custom_link&#8221; css_animation=&#8221;top-to-bottom&#8221; link=&#8221;http:\/\/www.bayeksagro.com.tr\/?page_id=75107&#8243;][vc_custom_heading text=&#8221;PULSES&#8221; font_container=&#8221;tag:h2|text_align:left|color:%231715a3&#8243; link=&#8221;url:http%3A%2F%2Fwww.bayeksagro.com.tr%2F%3Fpage_id%3D75107||&#8221;][\/vc_column][vc_column width=&#8221;1\/4&#8243;][vc_single_image image=&#8221;75009&#8243; img_size=&#8221;500&#215;500&#8243; onclick=&#8221;custom_link&#8221; css_animation=&#8221;top-to-bottom&#8221; link=&#8221;http:\/\/www.bayeksagro.com.tr\/?page_id=75154 &#8220;][vc_custom_heading text=&#8221;NUTS&#8221; font_container=&#8221;tag:h2|text_align:left|color:%231715a3&#8243; link=&#8221;url:http%3A%2F%2Fwww.bayeksagro.com.tr%2F%3Fpage_id%3D75154%20||&#8221;][\/vc_column][vc_column width=&#8221;1\/4&#8243;][vc_single_image image=&#8221;75215&#8243; img_size=&#8221;500&#215;500&#8243; onclick=&#8221;custom_link&#8221; css_animation=&#8221;top-to-bottom&#8221; link=&#8221;http:\/\/www.bayeksagro.com.tr\/?page_id=75160&#8243;][vc_custom_heading text=&#8221;CEREALS&#8221; font_container=&#8221;tag:h2|text_align:left|color:%231715a3&#8243; link=&#8221;url:http%3A%2F%2Fwww.bayeksagro.com.tr%2F%3Fpage_id%3D75160||&#8221;][\/vc_column][vc_column width=&#8221;1\/4&#8243;][vc_single_image image=&#8221;74906&#8243; img_size=&#8221;500&#215;500&#8243; onclick=&#8221;custom_link&#8221; css_animation=&#8221;top-to-bottom&#8221; link=&#8221;http:\/\/www.bayeksagro.com.tr\/?page_id=75164 &#8220;][vc_custom_heading text=&#8221;OTHER PRODUCTS&#8221; font_container=&#8221;tag:h2|text_align:left|color:%231715a3&#8243; link=&#8221;url:http%3A%2F%2Fwww.bayeksagro.com.tr%2F%3Fpage_id%3D75164%20||&#8221;][\/vc_column][\/vc_row][vc_row el_class=&#8221;align-center services&#8221; css=&#8221;.vc_custom_1433409705059{padding-top: 70px !important;padding-bottom: 70px !important;}&#8221;][vc_column][vc_row_inner][vc_column_inner width=&#8221;1\/3&#8243;][vc_icon icon_fontawesome=&#8221;fa fa-hand-rock-o&#8221; color=&#8221;white&#8221; background_style=&#8221;boxed&#8221; background_color=&#8221;pink&#8221; size=&#8221;lg&#8221; align=&#8221;center&#8221;][vc_column_text]<\/p>\n<h3>ABOUT US<\/h3>\n<p>In 2009, Our company started to operate in the field of foreign trade under the name of BAYEKS GIDA SAN. ve T\u0130C. LTD. \u015eT\u0130. In 2014[\/vc_column_text][vc_button2 title=&#8221;Read more&#8221; style=&#8221;square&#8221; color=&#8221;white&#8221; background_color=&#8221;#ffffff&#8221; background_color_hover=&#8221;#e30613&#8243; text_color=&#8221;#bbbbbb&#8221; text_color_hover=&#8221;#ffffff&#8221; border_color=&#8221;#cccccc&#8221; border_color_hover=&#8221;#262d80&#8243; link=&#8221;url:http%3A%2F%2Fbayeksagro.com.tr%2F%3Fpage_id%3D61||&#8221;][\/vc_column_inner][vc_column_inner width=&#8221;1\/3&#8243;][vc_icon icon_fontawesome=&#8221;fa fa-star&#8221; color=&#8221;white&#8221; background_style=&#8221;boxed&#8221; background_color=&#8221;pink&#8221; size=&#8221;lg&#8221; align=&#8221;center&#8221;][vc_column_text]<\/p>\n<h3>OUR VALUES<\/h3>\n<p>It is BAYEKS AGRO GIDA SAN ve T\u0130C A.\u015e\u2019s basic responsibility to constantly improve the quality of each area in the guideline[\/vc_column_text][vc_button2 title=&#8221;Read more&#8221; style=&#8221;square&#8221; color=&#8221;white&#8221; background_color=&#8221;#ffffff&#8221; background_color_hover=&#8221;#e30613&#8243; text_color=&#8221;#bbbbbb&#8221; text_color_hover=&#8221;#ffffff&#8221; border_color=&#8221;#cccccc&#8221; border_color_hover=&#8221;#262d80&#8243; link=&#8221;url:http%3A%2F%2Fbayeksagro.com.tr%2F%3Fpage_id%3D74675||&#8221;][\/vc_column_inner][vc_column_inner width=&#8221;1\/3&#8243;][vc_icon icon_fontawesome=&#8221;fa fa-child&#8221; color=&#8221;white&#8221; background_style=&#8221;boxed&#8221; background_color=&#8221;pink&#8221; size=&#8221;lg&#8221; align=&#8221;center&#8221;][vc_column_text]<\/p>\n<h3>OUR QUALITY POLICY<\/h3>\n<p>To ensure the continuity of customer satisfaction by meeting the needs of our customers and to increase the satisfaction rate.[\/vc_column_text][vc_button2 title=&#8221;Read more&#8221; style=&#8221;square&#8221; color=&#8221;white&#8221; background_color=&#8221;#ffffff&#8221; background_color_hover=&#8221;#e30613&#8243; text_color=&#8221;#bbbbbb&#8221; text_color_hover=&#8221;#ffffff&#8221; border_color=&#8221;#cccccc&#8221; border_color_hover=&#8221;#262d80&#8243; link=&#8221;url:http%3A%2F%2Fbayeksagro.com.tr%2F%3Fpage_id%3D74677||&#8221;][\/vc_column_inner][\/vc_row_inner][\/vc_column][\/vc_row]<\/p>","protected":false},"excerpt":{"rendered":"<p>[vc_row type=&#8221;full_width&#8221;][vc_column][rev_slider_vc alias=&#8221;bayeks_en&#8221;][\/vc_column][\/vc_row][vc_row][vc_column][vc_empty_space height=&#8221;50&#8243;][\/vc_column][\/vc_row][vc_row][vc_column width=&#8221;1\/4&#8243;][vc_single_image image=&#8221;75213&#8243; img_size=&#8221;500&#215;500&#8243; onclick=&#8221;custom_link&#8221; css_animation=&#8221;top-to-bottom&#8221; link=&#8221;http:\/\/www.bayeksagro.com.tr\/?page_id=75107&#8243;][vc_custom_heading text=&#8221;PULSES&#8221; font_container=&#8221;tag:h2|text_align:left|color:%231715a3&#8243; link=&#8221;url:http%3A%2F%2Fwww.bayeksagro.com.tr%2F%3Fpage_id%3D75107||&#8221;][\/vc_column][vc_column width=&#8221;1\/4&#8243;][vc_single_image image=&#8221;75009&#8243; img_size=&#8221;500&#215;500&#8243; onclick=&#8221;custom_link&#8221; css_animation=&#8221;top-to-bottom&#8221; link=&#8221;http:\/\/www.bayeksagro.com.tr\/?page_id=75154 &#8220;][vc_custom_heading text=&#8221;NUTS&#8221; font_container=&#8221;tag:h2|text_align:left|color:%231715a3&#8243; link=&#8221;url:http%3A%2F%2Fwww.bayeksagro.com.tr%2F%3Fpage_id%3D75154%20||&#8221;][\/vc_column][vc_column width=&#8221;1\/4&#8243;][vc_single_image image=&#8221;75215&#8243; img_size=&#8221;500&#215;500&#8243; onclick=&#8221;custom_link&#8221; css_animation=&#8221;top-to-bottom&#8221; link=&#8221;http:\/\/www.bayeksagro.com.tr\/?page_id=75160&#8243;][vc_custom_heading text=&#8221;CEREALS&#8221; font_container=&#8221;tag:h2|text_align:left|color:%231715a3&#8243; link=&#8221;url:http%3A%2F%2Fwww.bayeksagro.com.tr%2F%3Fpage_id%3D75160||&#8221;][\/vc_column][vc_column width=&#8221;1\/4&#8243;][vc_single_image image=&#8221;74906&#8243; img_size=&#8221;500&#215;500&#8243; onclick=&#8221;custom_link&#8221; css_animation=&#8221;top-to-bottom&#8221; link=&#8221;http:\/\/www.bayeksagro.com.tr\/?page_id=75164 &#8220;][vc_custom_heading text=&#8221;OTHER PRODUCTS&#8221; font_container=&#8221;tag:h2|text_align:left|color:%231715a3&#8243; link=&#8221;url:http%3A%2F%2Fwww.bayeksagro.com.tr%2F%3Fpage_id%3D75164%20||&#8221;][\/vc_column][\/vc_row][vc_row el_class=&#8221;align-center services&#8221; css=&#8221;.vc_custom_1433409705059{padding-top: 70px !important;padding-bottom: 70px !important;}&#8221;][vc_column][vc_row_inner][vc_column_inner width=&#8221;1\/3&#8243;][vc_icon icon_fontawesome=&#8221;fa fa-hand-rock-o&#8221; color=&#8221;white&#8221; background_style=&#8221;boxed&#8221; [&hellip;]<\/p>\n","protected":false},"author":2,"featured_media":0,"parent":0,"menu_order":0,"comment_status":"closed","ping_status":"closed","template":"","meta":{"footnotes":""},"class_list":["post-72000","page","type-page","status-publish","hentry"],"_links":{"self":[{"href":"https:\/\/www.bayeksagro.com.tr\/en\/wp-json\/wp\/v2\/pages\/72000","targetHints":{"allow":["GET"]}}],"collection":[{"href":"https:\/\/www.bayeksagro.com.tr\/en\/wp-json\/wp\/v2\/pages"}],"about":[{"href":"https:\/\/www.bayeksagro.com.tr\/en\/wp-json\/wp\/v2\/types\/page"}],"author":[{"embeddable":true,"href":"https:\/\/www.bayeksagro.com.tr\/en\/wp-json\/wp\/v2\/users\/2"}],"replies":[{"embeddable":true,"href":"https:\/\/www.bayeksagro.com.tr\/en\/wp-json\/wp\/v2\/comments?post=72000"}],"version-history":[{"count":120,"href":"https:\/\/www.bayeksagro.com.tr\/en\/wp-json\/wp\/v2\/pages\/72000\/revisions"}],"predecessor-version":[{"id":75394,"href":"https:\/\/www.bayeksagro.com.tr\/en\/wp-json\/wp\/v2\/pages\/72000\/revisions\/75394"}],"wp:attachment":[{"href":"https:\/\/www.bayeksagro.com.tr\/en\/wp-json\/wp\/v2\/media?parent=72000"}],"curies":[{"name":"wp","href":"https:\/\/api.w.org\/{rel}","templated":true}]}}